{"id":181,"date":"2018-01-04T19:30:07","date_gmt":"2018-01-04T18:30:07","guid":{"rendered":"http:\/\/echta-derminga.de\/?page_id=181"},"modified":"2024-03-12T16:13:18","modified_gmt":"2024-03-12T15:13:18","slug":"mein-kulturverein","status":"publish","type":"page","link":"https:\/\/echta-derminga.de\/?page_id=181","title":{"rendered":"Mein Kulturverein"},"content":{"rendered":"<div class=\"wp-block-image\">\n<figure class=\"alignleft\"><img loading=\"lazy\" decoding=\"async\" width=\"300\" height=\"225\" src=\"https:\/\/echta-derminga.de\/wp-content\/uploads\/2018\/01\/KV-1-300x225.jpg\" alt=\"\" class=\"wp-image-182\" srcset=\"https:\/\/echta-derminga.de\/wp-content\/uploads\/2018\/01\/KV-1-300x225.jpg 300w, https:\/\/echta-derminga.de\/wp-content\/uploads\/2018\/01\/KV-1-676x507.jpg 676w, https:\/\/echta-derminga.de\/wp-content\/uploads\/2018\/01\/KV-1.jpg 700w\" sizes=\"auto, (max-width: 300px) 100vw, 300px\" \/><\/figure>\n<\/div>\n\n\n<p class=\"has-medium-font-size wp-block-paragraph\"><strong>Der Kulturverein Dirmingen wurde im Jahre 2000 gegr\u00fcndet. Der Augenmerk des Vereins liegt in der Aufwertung der Dirminger Vereins-und Kulturlandschaft. Der Verein hat es sich zur Aufgabe gemacht Dirmingens Image aufzupolieren.<\/strong><\/p>\n\n\n\n<p class=\"has-medium-font-size wp-block-paragraph\">Die Kulturaner veranstalten im Laufe eines Jahres zahlreiche Veranstaltungen:<\/p>\n\n\n\n<p class=\"has-medium-font-size wp-block-paragraph\">Dazu geh\u00f6ren: &#8222;Derminga Folxfeschd&#8220;, &#8222;Derminga Waldfeschd&#8220;, &#8220; Fr\u00fchling auf Finkenrech&#8220;, &#8222;Herbst auf Finkenrech&#8220;, &#8222;Klingende G\u00e4rten&#8220;, &#8222;Mittelalterlicher Weihnachtsmarkt&#8220; und die traditionelle Weihnachtsbaumaktion in der Ortsmitten. Ausserdem ist der Kulturverein verantwortlich f\u00fcr die Durchf\u00fchrung der &#8222;Derminga Kerb&#8220; und ainigen interessanten Kleinkunstveranstaltungen wie z.b &#8222;Irischer Abend&#8220;.<\/p>\n\n\n\n<p class=\"has-medium-font-size wp-block-paragraph\">Seit 2008 geh\u00f6re ich dem gesch\u00e4ftsf\u00fchrenden Vorstand des Kulturvereins Dirmingen e.V an. In meiner Position als Kulturbeauftragter bin ich u.a verantwortlich f\u00fcr die Au\u00dfendarstellung und die \u00d6ffentlichkeitsarbeit des Vereins.<\/p>\n\n\n\n<p class=\"has-medium-font-size wp-block-paragraph\"><strong>Die Arbeit des Kulturvereins ist f\u00fcr unseren Ort enorm wichtig. Die Mitarbeit im Vorstand des Vereins hat f\u00fcr mich hohe Priorit\u00e4t. Das Wohl meines Heimatortes Dirmingen liegt mir am Herzen.<\/strong><\/p>\n\n\n\n<div class=\"wp-block-columns is-layout-flex wp-container-core-columns-is-layout-8f761849 wp-block-columns-is-layout-flex\">\n<div class=\"wp-block-column is-layout-flow wp-block-column-is-layout-flow\">\n<figure class=\"wp-block-image size-large\"><img loading=\"lazy\" decoding=\"async\" width=\"700\" height=\"534\" src=\"https:\/\/echta-derminga.de\/wp-content\/uploads\/2023\/12\/412285253_6945391102222222_8258357434679504501_n-1-700x534.jpg\" alt=\"\" class=\"wp-image-16364\" srcset=\"https:\/\/echta-derminga.de\/wp-content\/uploads\/2023\/12\/412285253_6945391102222222_8258357434679504501_n-1-700x534.jpg 700w, https:\/\/echta-derminga.de\/wp-content\/uploads\/2023\/12\/412285253_6945391102222222_8258357434679504501_n-1-300x229.jpg 300w, https:\/\/echta-derminga.de\/wp-content\/uploads\/2023\/12\/412285253_6945391102222222_8258357434679504501_n-1-768x586.jpg 768w, https:\/\/echta-derminga.de\/wp-content\/uploads\/2023\/12\/412285253_6945391102222222_8258357434679504501_n-1-1536x1172.jpg 1536w, https:\/\/echta-derminga.de\/wp-content\/uploads\/2023\/12\/412285253_6945391102222222_8258357434679504501_n-1.jpg 1738w\" sizes=\"auto, (max-width: 700px) 100vw, 700px\" \/><\/figure>\n<\/div>\n\n\n\n<div class=\"wp-block-column is-layout-flow wp-block-column-is-layout-flow\">\n<figure class=\"wp-block-image size-large\"><img loading=\"lazy\" decoding=\"async\" width=\"700\" height=\"525\" src=\"https:\/\/echta-derminga.de\/wp-content\/uploads\/2023\/09\/379802165_6587414091353260_1643207179770301638_n-1-700x525.jpg\" alt=\"\" class=\"wp-image-15741\" srcset=\"https:\/\/echta-derminga.de\/wp-content\/uploads\/2023\/09\/379802165_6587414091353260_1643207179770301638_n-1-700x525.jpg 700w, https:\/\/echta-derminga.de\/wp-content\/uploads\/2023\/09\/379802165_6587414091353260_1643207179770301638_n-1-300x225.jpg 300w, https:\/\/echta-derminga.de\/wp-content\/uploads\/2023\/09\/379802165_6587414091353260_1643207179770301638_n-1-768x576.jpg 768w, https:\/\/echta-derminga.de\/wp-content\/uploads\/2023\/09\/379802165_6587414091353260_1643207179770301638_n-1-1536x1152.jpg 1536w, https:\/\/echta-derminga.de\/wp-content\/uploads\/2023\/09\/379802165_6587414091353260_1643207179770301638_n-1.jpg 1600w\" sizes=\"auto, (max-width: 700px) 100vw, 700px\" \/><\/figure>\n<\/div>\n\n\n\n<div class=\"wp-block-column is-layout-flow wp-block-column-is-layout-flow\">\n<figure class=\"wp-block-image size-large\"><img loading=\"lazy\" decoding=\"async\" width=\"700\" height=\"467\" src=\"https:\/\/echta-derminga.de\/wp-content\/uploads\/2024\/03\/DSC03937-700x467.jpg\" alt=\"\" class=\"wp-image-16894\" srcset=\"https:\/\/echta-derminga.de\/wp-content\/uploads\/2024\/03\/DSC03937-700x467.jpg 700w, https:\/\/echta-derminga.de\/wp-content\/uploads\/2024\/03\/DSC03937-300x200.jpg 300w, https:\/\/echta-derminga.de\/wp-content\/uploads\/2024\/03\/DSC03937-768x512.jpg 768w, https:\/\/echta-derminga.de\/wp-content\/uploads\/2024\/03\/DSC03937-1536x1024.jpg 1536w, https:\/\/echta-derminga.de\/wp-content\/uploads\/2024\/03\/DSC03937-2048x1365.jpg 2048w\" sizes=\"auto, (max-width: 700px) 100vw, 700px\" \/><\/figure>\n<\/div>\n<\/div>\n\n\n\n<div class=\"wp-block-columns is-layout-flex wp-container-core-columns-is-layout-8f761849 wp-block-columns-is-layout-flex\">\n<div class=\"wp-block-column is-layout-flow wp-block-column-is-layout-flow\">\n<figure class=\"wp-block-image size-large\"><img loading=\"lazy\" decoding=\"async\" width=\"700\" height=\"933\" src=\"https:\/\/echta-derminga.de\/wp-content\/uploads\/2023\/10\/391605019_6692211897540145_7700723026529908938_n-700x933.jpg\" alt=\"\" class=\"wp-image-15871\" srcset=\"https:\/\/echta-derminga.de\/wp-content\/uploads\/2023\/10\/391605019_6692211897540145_7700723026529908938_n-700x933.jpg 700w, https:\/\/echta-derminga.de\/wp-content\/uploads\/2023\/10\/391605019_6692211897540145_7700723026529908938_n-225x300.jpg 225w, https:\/\/echta-derminga.de\/wp-content\/uploads\/2023\/10\/391605019_6692211897540145_7700723026529908938_n-768x1023.jpg 768w, https:\/\/echta-derminga.de\/wp-content\/uploads\/2023\/10\/391605019_6692211897540145_7700723026529908938_n-1153x1536.jpg 1153w, https:\/\/echta-derminga.de\/wp-content\/uploads\/2023\/10\/391605019_6692211897540145_7700723026529908938_n.jpg 1200w\" sizes=\"auto, (max-width: 700px) 100vw, 700px\" \/><\/figure>\n<\/div>\n\n\n\n<div class=\"wp-block-column is-layout-flow wp-block-column-is-layout-flow\">\n<figure class=\"wp-block-image size-large\"><img loading=\"lazy\" decoding=\"async\" width=\"700\" height=\"933\" src=\"https:\/\/echta-derminga.de\/wp-content\/uploads\/2022\/07\/SPD-3-2-700x933.jpg\" alt=\"\" class=\"wp-image-13223\" srcset=\"https:\/\/echta-derminga.de\/wp-content\/uploads\/2022\/07\/SPD-3-2-700x933.jpg 700w, https:\/\/echta-derminga.de\/wp-content\/uploads\/2022\/07\/SPD-3-2-225x300.jpg 225w, https:\/\/echta-derminga.de\/wp-content\/uploads\/2022\/07\/SPD-3-2-768x1024.jpg 768w, https:\/\/echta-derminga.de\/wp-content\/uploads\/2022\/07\/SPD-3-2.jpg 1000w\" sizes=\"auto, (max-width: 700px) 100vw, 700px\" \/><\/figure>\n<\/div>\n\n\n\n<div class=\"wp-block-column is-layout-flow wp-block-column-is-layout-flow\">\n<figure class=\"wp-block-image size-large\"><img loading=\"lazy\" decoding=\"async\" width=\"700\" height=\"909\" src=\"https:\/\/echta-derminga.de\/wp-content\/uploads\/2022\/07\/anke-2-700x909.jpg\" alt=\"\" class=\"wp-image-13387\" srcset=\"https:\/\/echta-derminga.de\/wp-content\/uploads\/2022\/07\/anke-2-700x909.jpg 700w, https:\/\/echta-derminga.de\/wp-content\/uploads\/2022\/07\/anke-2-231x300.jpg 231w, https:\/\/echta-derminga.de\/wp-content\/uploads\/2022\/07\/anke-2-768x997.jpg 768w, https:\/\/echta-derminga.de\/wp-content\/uploads\/2022\/07\/anke-2.jpg 1080w\" sizes=\"auto, (max-width: 700px) 100vw, 700px\" \/><\/figure>\n<\/div>\n<\/div>\n\n\n\n<div class=\"wp-block-columns is-layout-flex wp-container-core-columns-is-layout-8f761849 wp-block-columns-is-layout-flex\">\n<div class=\"wp-block-column is-layout-flow wp-block-column-is-layout-flow\">\n<figure class=\"wp-block-image size-large\"><img loading=\"lazy\" decoding=\"async\" width=\"700\" height=\"500\" src=\"https:\/\/echta-derminga.de\/wp-content\/uploads\/2023\/12\/A7_4719-700x500.jpg\" alt=\"\" class=\"wp-image-16262\" srcset=\"https:\/\/echta-derminga.de\/wp-content\/uploads\/2023\/12\/A7_4719-700x500.jpg 700w, https:\/\/echta-derminga.de\/wp-content\/uploads\/2023\/12\/A7_4719-300x214.jpg 300w, https:\/\/echta-derminga.de\/wp-content\/uploads\/2023\/12\/A7_4719-768x549.jpg 768w, https:\/\/echta-derminga.de\/wp-content\/uploads\/2023\/12\/A7_4719-1536x1097.jpg 1536w, https:\/\/echta-derminga.de\/wp-content\/uploads\/2023\/12\/A7_4719-2048x1463.jpg 2048w\" sizes=\"auto, (max-width: 700px) 100vw, 700px\" \/><\/figure>\n<\/div>\n\n\n\n<div class=\"wp-block-column is-layout-flow wp-block-column-is-layout-flow\">\n<figure class=\"wp-block-image size-large\"><img loading=\"lazy\" decoding=\"async\" width=\"700\" height=\"500\" src=\"https:\/\/echta-derminga.de\/wp-content\/uploads\/2023\/12\/407678597_6873912612703405_8001378023196487360_n-1-700x500.jpg\" alt=\"\" class=\"wp-image-16255\" srcset=\"https:\/\/echta-derminga.de\/wp-content\/uploads\/2023\/12\/407678597_6873912612703405_8001378023196487360_n-1-700x500.jpg 700w, https:\/\/echta-derminga.de\/wp-content\/uploads\/2023\/12\/407678597_6873912612703405_8001378023196487360_n-1-300x214.jpg 300w, https:\/\/echta-derminga.de\/wp-content\/uploads\/2023\/12\/407678597_6873912612703405_8001378023196487360_n-1-768x548.jpg 768w, https:\/\/echta-derminga.de\/wp-content\/uploads\/2023\/12\/407678597_6873912612703405_8001378023196487360_n-1.jpg 1200w\" sizes=\"auto, (max-width: 700px) 100vw, 700px\" \/><\/figure>\n<\/div>\n\n\n\n<div class=\"wp-block-column is-layout-flow wp-block-column-is-layout-flow\">\n<figure class=\"wp-block-image size-large\"><img loading=\"lazy\" decoding=\"async\" width=\"700\" height=\"525\" src=\"https:\/\/echta-derminga.de\/wp-content\/uploads\/2023\/09\/374649041_6557742577653745_5563216726021882251_n-700x525.jpg\" alt=\"\" class=\"wp-image-15679\" srcset=\"https:\/\/echta-derminga.de\/wp-content\/uploads\/2023\/09\/374649041_6557742577653745_5563216726021882251_n-700x525.jpg 700w, https:\/\/echta-derminga.de\/wp-content\/uploads\/2023\/09\/374649041_6557742577653745_5563216726021882251_n-300x225.jpg 300w, https:\/\/echta-derminga.de\/wp-content\/uploads\/2023\/09\/374649041_6557742577653745_5563216726021882251_n-768x576.jpg 768w, https:\/\/echta-derminga.de\/wp-content\/uploads\/2023\/09\/374649041_6557742577653745_5563216726021882251_n.jpg 960w\" sizes=\"auto, (max-width: 700px) 100vw, 700px\" \/><\/figure>\n<\/div>\n<\/div>\n\n\n\n<figure class=\"wp-block-gallery has-nested-images columns-3 is-cropped wp-block-gallery-1 is-layout-flex wp-block-gallery-is-layout-flex\">\n<figure class=\"wp-block-image size-large\"><a href=\"https:\/\/echta-derminga.de\/?attachment_id=183\"><img loading=\"lazy\" decoding=\"async\" width=\"700\" height=\"393\" data-id=\"183\" src=\"https:\/\/echta-derminga.de\/wp-content\/uploads\/2018\/01\/KV-2.jpg\" alt=\"\" class=\"wp-image-183\" srcset=\"https:\/\/echta-derminga.de\/wp-content\/uploads\/2018\/01\/KV-2.jpg 700w, https:\/\/echta-derminga.de\/wp-content\/uploads\/2018\/01\/KV-2-300x168.jpg 300w, https:\/\/echta-derminga.de\/wp-content\/uploads\/2018\/01\/KV-2-676x380.jpg 676w\" sizes=\"auto, (max-width: 700px) 100vw, 700px\" \/><\/a><\/figure>\n\n\n\n<figure class=\"wp-block-image size-large\"><a href=\"https:\/\/echta-derminga.de\/?attachment_id=184\"><img loading=\"lazy\" decoding=\"async\" width=\"700\" height=\"525\" data-id=\"184\" src=\"https:\/\/echta-derminga.de\/wp-content\/uploads\/2018\/01\/KV-3.jpg\" alt=\"\" class=\"wp-image-184\" srcset=\"https:\/\/echta-derminga.de\/wp-content\/uploads\/2018\/01\/KV-3.jpg 700w, https:\/\/echta-derminga.de\/wp-content\/uploads\/2018\/01\/KV-3-300x225.jpg 300w, https:\/\/echta-derminga.de\/wp-content\/uploads\/2018\/01\/KV-3-676x507.jpg 676w\" sizes=\"auto, (max-width: 700px) 100vw, 700px\" \/><\/a><\/figure>\n\n\n\n<figure class=\"wp-block-image size-large\"><a href=\"https:\/\/echta-derminga.de\/?attachment_id=185\"><img loading=\"lazy\" decoding=\"async\" width=\"800\" height=\"558\" data-id=\"185\" src=\"https:\/\/echta-derminga.de\/wp-content\/uploads\/2018\/01\/KV-4.jpg\" alt=\"\" class=\"wp-image-185\" srcset=\"https:\/\/echta-derminga.de\/wp-content\/uploads\/2018\/01\/KV-4.jpg 800w, https:\/\/echta-derminga.de\/wp-content\/uploads\/2018\/01\/KV-4-300x209.jpg 300w, https:\/\/echta-derminga.de\/wp-content\/uploads\/2018\/01\/KV-4-768x536.jpg 768w, https:\/\/echta-derminga.de\/wp-content\/uploads\/2018\/01\/KV-4-676x472.jpg 676w\" sizes=\"auto, (max-width: 800px) 100vw, 800px\" \/><\/a><\/figure>\n\n\n\n<figure class=\"wp-block-image size-large\"><a href=\"https:\/\/echta-derminga.de\/?attachment_id=186\"><img loading=\"lazy\" decoding=\"async\" width=\"768\" height=\"512\" data-id=\"186\" src=\"https:\/\/echta-derminga.de\/wp-content\/uploads\/2018\/01\/KV-5.jpeg\" alt=\"\" class=\"wp-image-186\" srcset=\"https:\/\/echta-derminga.de\/wp-content\/uploads\/2018\/01\/KV-5.jpeg 768w, https:\/\/echta-derminga.de\/wp-content\/uploads\/2018\/01\/KV-5-300x200.jpeg 300w, https:\/\/echta-derminga.de\/wp-content\/uploads\/2018\/01\/KV-5-676x451.jpeg 676w\" sizes=\"auto, (max-width: 768px) 100vw, 768px\" \/><\/a><\/figure>\n\n\n\n<figure class=\"wp-block-image size-large\"><a href=\"https:\/\/echta-derminga.de\/?attachment_id=187\"><img loading=\"lazy\" decoding=\"async\" width=\"700\" height=\"525\" data-id=\"187\" src=\"https:\/\/echta-derminga.de\/wp-content\/uploads\/2018\/01\/KV-6.jpg\" alt=\"\" class=\"wp-image-187\" srcset=\"https:\/\/echta-derminga.de\/wp-content\/uploads\/2018\/01\/KV-6.jpg 700w, https:\/\/echta-derminga.de\/wp-content\/uploads\/2018\/01\/KV-6-300x225.jpg 300w, https:\/\/echta-derminga.de\/wp-content\/uploads\/2018\/01\/KV-6-676x507.jpg 676w\" sizes=\"auto, (max-width: 700px) 100vw, 700px\" \/><\/a><\/figure>\n\n\n\n<figure class=\"wp-block-image size-large\"><a href=\"https:\/\/echta-derminga.de\/?attachment_id=188\"><img loading=\"lazy\" decoding=\"async\" width=\"720\" height=\"540\" data-id=\"188\" src=\"https:\/\/echta-derminga.de\/wp-content\/uploads\/2018\/01\/KV-8.jpg\" alt=\"\" class=\"wp-image-188\" srcset=\"https:\/\/echta-derminga.de\/wp-content\/uploads\/2018\/01\/KV-8.jpg 720w, https:\/\/echta-derminga.de\/wp-content\/uploads\/2018\/01\/KV-8-300x225.jpg 300w, https:\/\/echta-derminga.de\/wp-content\/uploads\/2018\/01\/KV-8-676x507.jpg 676w\" sizes=\"auto, (max-width: 720px) 100vw, 720px\" \/><\/a><\/figure>\n\n\n\n<figure class=\"wp-block-image size-large\"><a href=\"https:\/\/echta-derminga.de\/?attachment_id=364\"><img loading=\"lazy\" decoding=\"async\" width=\"800\" height=\"600\" data-id=\"364\" src=\"https:\/\/echta-derminga.de\/wp-content\/uploads\/2018\/01\/Irischer-Abend-12-091.jpg\" alt=\"\" class=\"wp-image-364\" srcset=\"https:\/\/echta-derminga.de\/wp-content\/uploads\/2018\/01\/Irischer-Abend-12-091.jpg 800w, https:\/\/echta-derminga.de\/wp-content\/uploads\/2018\/01\/Irischer-Abend-12-091-300x225.jpg 300w, https:\/\/echta-derminga.de\/wp-content\/uploads\/2018\/01\/Irischer-Abend-12-091-768x576.jpg 768w, https:\/\/echta-derminga.de\/wp-content\/uploads\/2018\/01\/Irischer-Abend-12-091-676x507.jpg 676w\" sizes=\"auto, (max-width: 800px) 100vw, 800px\" \/><\/a><\/figure>\n\n\n\n<figure class=\"wp-block-image size-large\"><a href=\"https:\/\/echta-derminga.de\/?attachment_id=182\"><img loading=\"lazy\" decoding=\"async\" width=\"700\" height=\"525\" data-id=\"182\" src=\"https:\/\/echta-derminga.de\/wp-content\/uploads\/2018\/01\/KV-1.jpg\" alt=\"\" class=\"wp-image-182\" srcset=\"https:\/\/echta-derminga.de\/wp-content\/uploads\/2018\/01\/KV-1.jpg 700w, https:\/\/echta-derminga.de\/wp-content\/uploads\/2018\/01\/KV-1-300x225.jpg 300w, https:\/\/echta-derminga.de\/wp-content\/uploads\/2018\/01\/KV-1-676x507.jpg 676w\" sizes=\"auto, (max-width: 700px) 100vw, 700px\" \/><\/a><\/figure>\n\n\n\n<figure class=\"wp-block-image size-large\"><a href=\"https:\/\/echta-derminga.de\/?attachment_id=11198\"><img loading=\"lazy\" decoding=\"async\" width=\"700\" height=\"488\" data-id=\"11198\" src=\"https:\/\/echta-derminga.de\/wp-content\/uploads\/2021\/11\/11-700x488.jpg\" alt=\"\" class=\"wp-image-11198\" srcset=\"https:\/\/echta-derminga.de\/wp-content\/uploads\/2021\/11\/11-700x488.jpg 700w, https:\/\/echta-derminga.de\/wp-content\/uploads\/2021\/11\/11-300x209.jpg 300w, https:\/\/echta-derminga.de\/wp-content\/uploads\/2021\/11\/11.jpg 761w\" sizes=\"auto, (max-width: 700px) 100vw, 700px\" \/><\/a><\/figure>\n\n\n\n<figure class=\"wp-block-image size-large\"><a href=\"https:\/\/echta-derminga.de\/?attachment_id=11042\"><img loading=\"lazy\" decoding=\"async\" width=\"700\" height=\"384\" data-id=\"11042\" src=\"https:\/\/echta-derminga.de\/wp-content\/uploads\/2021\/10\/01-1-700x384.jpg\" alt=\"\" class=\"wp-image-11042\" srcset=\"https:\/\/echta-derminga.de\/wp-content\/uploads\/2021\/10\/01-1-700x384.jpg 700w, https:\/\/echta-derminga.de\/wp-content\/uploads\/2021\/10\/01-1-300x165.jpg 300w, https:\/\/echta-derminga.de\/wp-content\/uploads\/2021\/10\/01-1-768x421.jpg 768w, https:\/\/echta-derminga.de\/wp-content\/uploads\/2021\/10\/01-1.jpg 1445w\" sizes=\"auto, (max-width: 700px) 100vw, 700px\" \/><\/a><\/figure>\n\n\n\n<figure class=\"wp-block-image size-large\"><a href=\"https:\/\/echta-derminga.de\/?attachment_id=11015\"><img loading=\"lazy\" decoding=\"async\" width=\"700\" height=\"393\" data-id=\"11015\" src=\"https:\/\/echta-derminga.de\/wp-content\/uploads\/2021\/10\/1-700x393.jpg\" alt=\"\" class=\"wp-image-11015\" srcset=\"https:\/\/echta-derminga.de\/wp-content\/uploads\/2021\/10\/1-700x393.jpg 700w, https:\/\/echta-derminga.de\/wp-content\/uploads\/2021\/10\/1-300x169.jpg 300w, https:\/\/echta-derminga.de\/wp-content\/uploads\/2021\/10\/1-768x431.jpg 768w, https:\/\/echta-derminga.de\/wp-content\/uploads\/2021\/10\/1.jpg 1100w\" sizes=\"auto, (max-width: 700px) 100vw, 700px\" \/><\/a><\/figure>\n\n\n\n<figure class=\"wp-block-image size-large\"><a href=\"https:\/\/echta-derminga.de\/?attachment_id=11028\"><img loading=\"lazy\" decoding=\"async\" width=\"700\" height=\"706\" data-id=\"11028\" src=\"https:\/\/echta-derminga.de\/wp-content\/uploads\/2021\/10\/Blog-1-700x706.jpg\" alt=\"\" class=\"wp-image-11028\" srcset=\"https:\/\/echta-derminga.de\/wp-content\/uploads\/2021\/10\/Blog-1-700x706.jpg 700w, https:\/\/echta-derminga.de\/wp-content\/uploads\/2021\/10\/Blog-1-297x300.jpg 297w, https:\/\/echta-derminga.de\/wp-content\/uploads\/2021\/10\/Blog-1-150x150.jpg 150w, https:\/\/echta-derminga.de\/wp-content\/uploads\/2021\/10\/Blog-1-768x775.jpg 768w, https:\/\/echta-derminga.de\/wp-content\/uploads\/2021\/10\/Blog-1-1522x1536.jpg 1522w, https:\/\/echta-derminga.de\/wp-content\/uploads\/2021\/10\/Blog-1-90x90.jpg 90w, https:\/\/echta-derminga.de\/wp-content\/uploads\/2021\/10\/Blog-1-75x75.jpg 75w, https:\/\/echta-derminga.de\/wp-content\/uploads\/2021\/10\/Blog-1.jpg 1728w\" sizes=\"auto, (max-width: 700px) 100vw, 700px\" \/><\/a><\/figure>\n\n\n\n<figure class=\"wp-block-image size-large\"><a href=\"https:\/\/echta-derminga.de\/?attachment_id=10674\"><img loading=\"lazy\" decoding=\"async\" width=\"700\" height=\"525\" data-id=\"10674\" src=\"https:\/\/echta-derminga.de\/wp-content\/uploads\/2021\/09\/66-700x525.jpg\" alt=\"\" class=\"wp-image-10674\" srcset=\"https:\/\/echta-derminga.de\/wp-content\/uploads\/2021\/09\/66-700x525.jpg 700w, https:\/\/echta-derminga.de\/wp-content\/uploads\/2021\/09\/66-300x225.jpg 300w, https:\/\/echta-derminga.de\/wp-content\/uploads\/2021\/09\/66-768x576.jpg 768w, https:\/\/echta-derminga.de\/wp-content\/uploads\/2021\/09\/66.jpg 1000w\" sizes=\"auto, (max-width: 700px) 100vw, 700px\" \/><\/a><\/figure>\n\n\n\n<figure class=\"wp-block-image size-large\"><a href=\"https:\/\/echta-derminga.de\/?attachment_id=10599\"><img loading=\"lazy\" decoding=\"async\" width=\"700\" height=\"370\" data-id=\"10599\" src=\"https:\/\/echta-derminga.de\/wp-content\/uploads\/2021\/08\/kult-700x370.jpg\" alt=\"\" class=\"wp-image-10599\" srcset=\"https:\/\/echta-derminga.de\/wp-content\/uploads\/2021\/08\/kult-700x370.jpg 700w, https:\/\/echta-derminga.de\/wp-content\/uploads\/2021\/08\/kult-300x159.jpg 300w, https:\/\/echta-derminga.de\/wp-content\/uploads\/2021\/08\/kult-768x406.jpg 768w, https:\/\/echta-derminga.de\/wp-content\/uploads\/2021\/08\/kult.jpg 1000w\" sizes=\"auto, (max-width: 700px) 100vw, 700px\" \/><\/a><\/figure>\n<\/figure>\n","protected":false},"excerpt":{"rendered":"<p>Der Kulturverein Dirmingen wurde im Jahre 2000 gegr\u00fcndet. Der Augenmerk des Vereins liegt in der Aufwertung der Dirminger Vereins-und Kulturlandschaft. Der Verein hat es sich zur Aufgabe gemacht Dirmingens Image aufzupolieren. Die Kulturaner veranstalten im Laufe eines Jahres zahlreiche Veranstaltungen: Dazu geh\u00f6ren: &#8222;Derminga Folxfeschd&#8220;, &#8222;Derminga Waldfeschd&#8220;, &#8220; Fr\u00fchling auf Finkenrech&#8220;, &#8222;Herbst auf Finkenrech&#8220;, &#8222;Klingende G\u00e4rten&#8220;, &#8222;Mittelalterlicher Weihnachtsmarkt&#8220; und die traditionelle<\/p>\n","protected":false},"author":1,"featured_media":0,"parent":33,"menu_order":7,"comment_status":"closed","ping_status":"closed","template":"","meta":{"_crdt_document":"","footnotes":""},"class_list":["post-181","page","type-page","status-publish","hentry"],"_links":{"self":[{"href":"https:\/\/echta-derminga.de\/index.php?rest_route=\/wp\/v2\/pages\/181","targetHints":{"allow":["GET"]}}],"collection":[{"href":"https:\/\/echta-derminga.de\/index.php?rest_route=\/wp\/v2\/pages"}],"about":[{"href":"https:\/\/echta-derminga.de\/index.php?rest_route=\/wp\/v2\/types\/page"}],"author":[{"embeddable":true,"href":"https:\/\/echta-derminga.de\/index.php?rest_route=\/wp\/v2\/users\/1"}],"replies":[{"embeddable":true,"href":"https:\/\/echta-derminga.de\/index.php?rest_route=%2Fwp%2Fv2%2Fcomments&post=181"}],"version-history":[{"count":12,"href":"https:\/\/echta-derminga.de\/index.php?rest_route=\/wp\/v2\/pages\/181\/revisions"}],"predecessor-version":[{"id":16959,"href":"https:\/\/echta-derminga.de\/index.php?rest_route=\/wp\/v2\/pages\/181\/revisions\/16959"}],"up":[{"embeddable":true,"href":"https:\/\/echta-derminga.de\/index.php?rest_route=\/wp\/v2\/pages\/33"}],"wp:attachment":[{"href":"https:\/\/echta-derminga.de\/index.php?rest_route=%2Fwp%2Fv2%2Fmedia&parent=181"}],"curies":[{"name":"wp","href":"https:\/\/api.w.org\/{rel}","templated":true}]}}