{"id":212,"date":"2018-01-04T21:15:46","date_gmt":"2018-01-04T20:15:46","guid":{"rendered":"http:\/\/echta-derminga.de\/?page_id=212"},"modified":"2024-08-14T12:54:01","modified_gmt":"2024-08-14T11:54:01","slug":"mein-dehemm","status":"publish","type":"page","link":"https:\/\/echta-derminga.de\/?page_id=212","title":{"rendered":"Mein Dehemm"},"content":{"rendered":"<div class=\"wp-block-image wp-image-213 size-medium\">\n<figure class=\"alignleft is-resized\"><img loading=\"lazy\" decoding=\"async\" width=\"300\" height=\"287\" src=\"https:\/\/echta-derminga.de\/wp-content\/uploads\/2018\/01\/45-300x287.jpg\" alt=\"\" class=\"wp-image-213\" style=\"width:300px;height:287px\" srcset=\"https:\/\/echta-derminga.de\/wp-content\/uploads\/2018\/01\/45-300x287.jpg 300w, https:\/\/echta-derminga.de\/wp-content\/uploads\/2018\/01\/45.jpg 600w\" sizes=\"auto, (max-width: 300px) 100vw, 300px\" \/><figcaption class=\"wp-element-caption\">Mein Elternhaus<\/figcaption><\/figure>\n<\/div>\n\n\n<p class=\"has-medium-font-size wp-block-paragraph\"><strong>Seit dem 17.Jahrhundert liegen die Wurzeln meiner Familie, v\u00e4terlicherseits, in Dirmingen. Meine Gro\u00dfmutter wuchs im Hause &#8222;Zimmermichels&#8220; auf und musste meinen Vater alleine erziehen. Mein Gro\u00dfvater fiel im zweiten Weltkrieg w\u00e4hrend der sogenannten Ardenneoffensive. Mein Ur-Gro\u00dfvater fiel w\u00e4hrend des ersten Weltkrieges in Ru\u00dfland. Der Krieg hat auch \u00fcber meine Familie viel Leid gebracht. <\/strong><\/p>\n\n\n\n<p class=\"has-medium-font-size wp-block-paragraph\"><strong>Gemeinsam mit ihrem kleinen Sohn (mein Vater), ihren Geschwistern und der Mutter musste meine Oma im Hause &#8222;Zimmermichels&#8220; kr\u00e4ftig mitanpacken und ihr Leben auf engsten Raum meistern.<\/strong><\/p>\n\n\n\n<p class=\"has-medium-font-size wp-block-paragraph\">Nach dem Krieg kaufte sich meine Gro\u00dfmutter ein Haus in den &#8222;Herreng\u00e4rten&#8220;. Dieses Anwesen wurde zu meinem Elternhaus. Dort lernte ich sprechen, laufen, fallen und aufstehen. Dort stand meine Wiege und dort befand sich mein Kinderzimmer.&nbsp; Meine Mutter stammt aus Wiesbach und war das 4 Kind einer 6 k\u00f6pfigen Familie. Meine Eltern waren einfacher Leute die Stolz darauf waren ihr Leben auf eigenen Beinen zu meistern. Mein Vater war Bergmann und meine Mutter einfache Hausfrau. Vater ging zur Schicht und Mutter hielt den Laden zusammen.<\/p>\n\n\n\n<p class=\"has-medium-font-size wp-block-paragraph\">Als meine Gro\u00dfmutter im Jahre 2004 verstarb war ich sehr traurig. Bis zu ihrem Tot lebte meine Oma gemeinsam mit mir, meinem Bruder und meinen Eltern in ihrem Haus. Ich bin mit meiner Oma aufgewachsen und war ihr bis zum Ende sehr nahe. Wenn ich heute meine Eltern besuche h\u00f6re ich manchmal noch ihre Stimme.<\/p>\n\n\n\n<p class=\"has-medium-font-size wp-block-paragraph\"><strong>Meine Eltern leben heute alleine in meinem Elternhaus. Ich trage die Hoffnung in mir, dass dieses Haus auch zuk\u00fcnftig im Besitz der Familie Klein bleibt. Keiner kann sagen was die Zukunft bringt. Meine beiden T\u00f6chter haben ihren eigenen Weg eingeschlagen und sich ihren Traum vom eigenen Zuhause verwirklicht. Mein Bruder hat sich f\u00fcr ein Leben ohne eigenes Haus entschieden. Was bringt die Zukunft ?<\/strong><\/p>\n\n\n<div class=\"wp-block-image wp-image-316 size-medium\">\n<figure class=\"alignleft\"><img loading=\"lazy\" decoding=\"async\" width=\"300\" height=\"222\" src=\"https:\/\/echta-derminga.de\/wp-content\/uploads\/2018\/01\/Haus-Zimmermichels-300x222.jpg\" alt=\"\" class=\"wp-image-316\" srcset=\"https:\/\/echta-derminga.de\/wp-content\/uploads\/2018\/01\/Haus-Zimmermichels-300x222.jpg 300w, https:\/\/echta-derminga.de\/wp-content\/uploads\/2018\/01\/Haus-Zimmermichels-768x569.jpg 768w, https:\/\/echta-derminga.de\/wp-content\/uploads\/2018\/01\/Haus-Zimmermichels-676x501.jpg 676w, https:\/\/echta-derminga.de\/wp-content\/uploads\/2018\/01\/Haus-Zimmermichels.jpg 800w\" sizes=\"auto, (max-width: 300px) 100vw, 300px\" \/><figcaption class=\"wp-element-caption\">Haus &#8222;Zimmermichels&#8220;<\/figcaption><\/figure>\n<\/div>\n\n\n<p class=\"has-medium-font-size wp-block-paragraph\">Die beiden H\u00e4user, die meine Familie verbinden, haben mit Sicherheit ihre eigene Geschichte. Was haben diese H\u00e4user nicht schon alles \u00fcberstanden ? Der Gedanke daran fasziniert mich und macht mich gleichzeitig auch neugierig.<\/p>\n\n\n\n<p class=\"has-medium-font-size wp-block-paragraph\">Die Wurzeln meiner Familie liegen im Hause &#8222;Zimmermichels&#8220;. Heute ist das Anwesen in der hier abgebildeten Form kaum noch zu erkennen. Das heutige Haus ist im Besitz der Familie Wagner ( Autohaus Wagner) in der Illingerstrasse. Dort liegen also die Wurzeln meiner Familie, v\u00e4terlicherseits. Wenn man sich vor das Autohaus &#8222;Wagner&#8220; stellt, erkennt man auf der linken Seite den alten, hier abgebildeten Bau.<\/p>\n\n\n\n<p class=\"has-medium-font-size wp-block-paragraph\"><strong>Der Ackerer Johann Michael Wagner,ev. geb. 1784, war der 3.Sohn des Zimmermanns Johann Peter Wagner aus F\u00fcrstenhausen. Er war verheiratet mit Maria Sophia Katharina Hartenstein. Johann Michael Wagner ist der Erbauer des Hauses &#8222;Zimmermichels&#8220;. Der H\u00e4username setzt sich aus dem Beruf ( Zimmermann) und dem Namen des Hausherren zusammen.<\/strong><\/p>\n\n\n\n<p class=\"has-medium-font-size wp-block-paragraph\">Der erste urspr\u00fcngliche Hausbau fand jedoch in der heutigen Humeserstrasse statt. Beim Bau der Illtalbahnstrecke musste der Wirtschaftsteil des Hauses abgebrochen werden. Erhalten blieb lediglich der Wohntrakt. Dieser Teil des alten Hauses &#8222;Zimmermichels&#8220; existiert immer noch. Meine Vorfahren bekamen ein neues Grundst\u00fcck&nbsp; mit einem Haus in der Illingerstrasse ( Autohaus Wagner) zugesprochen. In der 6. Nachfolgegeneration gr\u00fcndete Erwin Wagner in diesem Haus 1966 das Autohaus &#8222;Wagner&#8220;. Das Unternehmen und das Haus sind noch heute im Besitz der Familie Wagner. Meine Gro\u00dfmutter wurde in diesem Haus geboren und wuchs dort beh\u00fctet auf.<\/p>\n\n\n<div class=\"wp-block-image wp-image-214 size-medium\">\n<figure class=\"alignleft\"><img loading=\"lazy\" decoding=\"async\" width=\"300\" height=\"225\" src=\"https:\/\/echta-derminga.de\/wp-content\/uploads\/2018\/01\/A-Howeller-3-300x225.jpg\" alt=\"\" class=\"wp-image-214\" srcset=\"https:\/\/echta-derminga.de\/wp-content\/uploads\/2018\/01\/A-Howeller-3-300x225.jpg 300w, https:\/\/echta-derminga.de\/wp-content\/uploads\/2018\/01\/A-Howeller-3-676x508.jpg 676w, https:\/\/echta-derminga.de\/wp-content\/uploads\/2018\/01\/A-Howeller-3.jpg 700w\" sizes=\"auto, (max-width: 300px) 100vw, 300px\" \/><figcaption class=\"wp-element-caption\">Mein Haus (fr\u00fcher)<\/figcaption><\/figure>\n<\/div>\n\n\n<p class=\"has-medium-font-size wp-block-paragraph\"><strong>Das Leben formt einen Menschen und man schreibt schlie\u00dflich seine eigene Geschichte. Nachdem ich meinen Platz im Leben gefunden hatte, wurde es Zeit sesshaft zu werden. Wir entschieden uns zum Kauf eines Hauses in der &#8222;Urexweilerstrasse&#8220;, dem Eingang zur &#8222;Hennagass&#8220;. Dort leben wir nun&nbsp; in einem schmucken H\u00e4uschen mit viel Platz und viel Land. <\/strong><\/p>\n\n\n\n<p class=\"has-medium-font-size wp-block-paragraph\">Die H\u00e4user meines Lebens haben ihre Geschichte und stehen schon sehr lange in Dirmingen. W\u00e4hrend mein Elternhaus unmittelbar vor dem ersten Weltkrieg erbaut wurde, musste mein Eigenheim nach einem Bombenangriff im zweiten Weltkrieg wieder zusammengeflickt werden. Dies ist jedoch meinem Vorbesitzer sehr gut gelungen. Die &#8222;Urexweilerstrasse&#8220;und die alte &#8222;Hohl&#8220;, die heutige &#8222;Herreng\u00e4rten&#8220;, geh\u00f6ren zu den \u00e4ltesten Strassen Dirmingens und stehen somit auf historischem Boden.<\/p>\n\n\n\n<p class=\"has-medium-font-size wp-block-paragraph\"><strong>Meine Vorbewohner haben viel Zeit und Liebe in ihr Eigenheim gesteckt. Als meine Familie in dieses Anwesen einziehen durfte, haben wir das deutlich zu sp\u00fcren bekommen. Unser Haus liegt in zentraler Lage Mitten in Dirmingen. Wir leben hier gut und gerne. Die Geschichte dieses Hauses ist nat\u00fcrlich eng mit dem Namen des Erbauers verbunden. Dies ist jedoch eine andere Geschichte und geh\u00f6rt nicht zu meiner Familie.<\/strong><\/p>\n\n\n\n<p class=\"wp-block-paragraph\" style=\"font-size:20px\">Meine Kinder, und speziell der J\u00fcngste, haben nun in unserem Eigenheim in der Urexweilerstrasse, am Tor zur &#8222;Hennagass&#8220;, das sprechen, laufen, fallen und aufstehen gelernt. Hier stand die Wiege meiner Kinder und hier war ihr Kinderzimmer. In diesem Haus wurde nun andere Geschichte geschrieben. Ein neues Kapitel hat sich ge\u00f6ffnet.&nbsp; Alles im Leben hat seine Zeit. In diesem Haus sind nun unsere Kinder aufgewachsen. Dies wird sie nat\u00fcrlich pr\u00e4gen. Irgendwie schlie\u00dft sich immer der Kreis.<\/p>\n\n\n<div class=\"wp-block-image wp-image-215 size-medium\">\n<figure class=\"alignleft\"><img loading=\"lazy\" decoding=\"async\" width=\"300\" height=\"259\" src=\"https:\/\/echta-derminga.de\/wp-content\/uploads\/2018\/01\/20150330_130930-300x259.jpg\" alt=\"\" class=\"wp-image-215\" srcset=\"https:\/\/echta-derminga.de\/wp-content\/uploads\/2018\/01\/20150330_130930-300x259.jpg 300w, https:\/\/echta-derminga.de\/wp-content\/uploads\/2018\/01\/20150330_130930-676x583.jpg 676w, https:\/\/echta-derminga.de\/wp-content\/uploads\/2018\/01\/20150330_130930.jpg 700w\" sizes=\"auto, (max-width: 300px) 100vw, 300px\" \/><figcaption class=\"wp-element-caption\">Mein Haus (Jetzt)<\/figcaption><\/figure>\n<\/div>\n\n\n<p class=\"has-medium-font-size wp-block-paragraph\"><strong>&#8222;Dies Haus ist mein und doch nicht mein,&nbsp;<\/strong><br><strong>der nach mir kommt, kann&#8217;s auch nur leih&#8217;n,&nbsp;<\/strong><br><strong>und wird dem Dritten \u00fcbergeben,&nbsp;<\/strong><br><strong>hat er es auch nur f\u00fcr sein Leben!&nbsp;<\/strong><br><strong>Den Vierten tr\u00e4gt man auch hinaus,&nbsp;<\/strong><br><strong>sag&#8216;, wem geh\u00f6rt nun dieses Haus?&#8220;<\/strong><\/p>\n","protected":false},"excerpt":{"rendered":"<p>Seit dem 17.Jahrhundert liegen die Wurzeln meiner Familie, v\u00e4terlicherseits, in Dirmingen. Meine Gro\u00dfmutter wuchs im Hause &#8222;Zimmermichels&#8220; auf und musste meinen Vater alleine erziehen. Mein Gro\u00dfvater fiel im zweiten Weltkrieg w\u00e4hrend der sogenannten Ardenneoffensive. Mein Ur-Gro\u00dfvater fiel w\u00e4hrend des ersten Weltkrieges in Ru\u00dfland. Der Krieg hat auch \u00fcber meine Familie viel Leid gebracht. Gemeinsam mit ihrem kleinen Sohn (mein Vater),<\/p>\n","protected":false},"author":1,"featured_media":0,"parent":31,"menu_order":1,"comment_status":"closed","ping_status":"closed","template":"","meta":{"_crdt_document":"","footnotes":""},"class_list":["post-212","page","type-page","status-publish","hentry"],"_links":{"self":[{"href":"https:\/\/echta-derminga.de\/index.php?rest_route=\/wp\/v2\/pages\/212","targetHints":{"allow":["GET"]}}],"collection":[{"href":"https:\/\/echta-derminga.de\/index.php?rest_route=\/wp\/v2\/pages"}],"about":[{"href":"https:\/\/echta-derminga.de\/index.php?rest_route=\/wp\/v2\/types\/page"}],"author":[{"embeddable":true,"href":"https:\/\/echta-derminga.de\/index.php?rest_route=\/wp\/v2\/users\/1"}],"replies":[{"embeddable":true,"href":"https:\/\/echta-derminga.de\/index.php?rest_route=%2Fwp%2Fv2%2Fcomments&post=212"}],"version-history":[{"count":19,"href":"https:\/\/echta-derminga.de\/index.php?rest_route=\/wp\/v2\/pages\/212\/revisions"}],"predecessor-version":[{"id":17711,"href":"https:\/\/echta-derminga.de\/index.php?rest_route=\/wp\/v2\/pages\/212\/revisions\/17711"}],"up":[{"embeddable":true,"href":"https:\/\/echta-derminga.de\/index.php?rest_route=\/wp\/v2\/pages\/31"}],"wp:attachment":[{"href":"https:\/\/echta-derminga.de\/index.php?rest_route=%2Fwp%2Fv2%2Fmedia&parent=212"}],"curies":[{"name":"wp","href":"https:\/\/api.w.org\/{rel}","templated":true}]}}