{"id":221,"date":"2018-01-05T13:09:52","date_gmt":"2018-01-05T12:09:52","guid":{"rendered":"http:\/\/echta-derminga.de\/?page_id=221"},"modified":"2026-03-29T15:19:47","modified_gmt":"2026-03-29T14:19:47","slug":"derminga-geschwaetz","status":"publish","type":"page","link":"https:\/\/echta-derminga.de\/?page_id=221","title":{"rendered":"Derminga Babbelschniss"},"content":{"rendered":"<div class=\"wp-block-image\">\n<figure class=\"alignleft\"><img loading=\"lazy\" decoding=\"async\" width=\"300\" height=\"168\" src=\"https:\/\/echta-derminga.de\/wp-content\/uploads\/2018\/01\/20170710_140953-300x168.jpg\" alt=\"\" class=\"wp-image-228\" srcset=\"https:\/\/echta-derminga.de\/wp-content\/uploads\/2018\/01\/20170710_140953-300x168.jpg 300w, https:\/\/echta-derminga.de\/wp-content\/uploads\/2018\/01\/20170710_140953-676x380.jpg 676w, https:\/\/echta-derminga.de\/wp-content\/uploads\/2018\/01\/20170710_140953.jpg 700w\" sizes=\"auto, (max-width: 300px) 100vw, 300px\" \/><\/figure>\n<\/div>\n\n\n<p class=\"has-medium-font-size wp-block-paragraph\"><strong>&#8222;&#8230;..und ist auch unsre Sprache mal etwas kompliziert, wir sprechen mit dem Herzen, was jeder gleich kapiert&#8220;. ( Liedzeile: &#8222;Mir l\u00e4we gerre an der Saar &#8211; Rastlos)<\/strong><\/p>\n\n\n\n<p class=\"has-medium-font-size wp-block-paragraph\"><strong>Eines vorneweg : Es gibt keinen reinen saarl\u00e4ndischen Dialekt. Vielmehr gibt es ein breites Spektrum an Dialektvariet\u00e4ten. Im Saarland werden sowohl der rheinfr\u00e4nkische als auch der moselfr\u00e4nkische Dialekt gesprochen. Ausserdem nehmen die Menschen unserer Landeshauptstadt Saarbr\u00fccken f\u00fcr sich das &#8222;Saarbricka Platt&#8220; in Anspruch. Viele saarl\u00e4ndische D\u00f6rfer haben im Laufe der Jahrhunderte ihren ureigenen Dialekt entwickelt.&nbsp; Wir befinden wir uns leider in einer Zeit, in der die Mundart vom Aussterben bedroht ist.<\/strong><\/p>\n\n\n\n<p class=\"has-medium-font-size wp-block-paragraph\">In Dirmingen wird rheinfr\u00e4nkisch &#8222;geschw\u00e4tz&#8220; wobei auch in unserem Dorf ein gewisser &#8222;Derminga Slang&#8220; entstanden&nbsp; ist. Die Mundart ensteht auf der Strasse und wird in der Regel in der Familie von Generation zu Generation weitergereicht. &#8222;Et es wie et es&#8220;.<\/p>\n\n\n\n<p class=\"has-medium-font-size wp-block-paragraph\">Dirmingen befindet sich in der sogenannten&#8220;Das-Dat-Linie&#8220; die im Grunde quer durch das sch\u00f6nste Bundesland der Welt f\u00fchrt. W\u00e4hrend im moselfr\u00e4nkischen das &#8222;Dat&#8220; vorkommt, wird im rheinfr\u00e4nkischen das &#8222;Das&#8220; ausgesprochen. Die beiden Dialektformen kann man sehr gut an der Aussprache der F\u00fcrw\u00f6rter: das, was , es erkennen. W\u00e4hrend man im moselfr\u00e4nkischen &#8222;dat, wat, et&#8220; sagt, kommt man im rheinfr\u00e4nkischen im &#8222;das, was , es&#8220; daher. In vielen saarl\u00e4ndischen Ortschaft ist es im Laufe der Jahrhunderte zu einer Vermischung der beiden vorhandenen Mundarten gekommen. Dies hat mit Sicherheit auch mit diversen Umz\u00fcgen und Heiraten zu tun.<\/p>\n\n\n\n<p class=\"has-medium-font-size wp-block-paragraph\">Dirmingen geh\u00f6rt mit Sicherheit zu den saarl\u00e4ndischen Ortschaften die im Laufe der Jahre einen eigenen Dialekt entwickelt haben. In unserer Mundart werden, obwohl wir eigentlich rheinfr\u00e4nkisch &#8222;schw\u00e4tze&#8220;, zahlreiche moselfr\u00e4nkische W\u00f6rter \u00fcbernommen: Zum Beispiel : moselfr\u00e4nkische :&#8220; Lu mo lo&#8220; oder reheinfr\u00e4nkische &#8222;gu mol do&#8220;. Diese beiden Varianten haben sich im &#8222;Derminga Platt vermischt. Im Dorf sagt man: &#8222;Lu mo do&#8220;.&nbsp; Wobei die Form der Aussprache auch wieder mal von der Elternstube abh\u00e4ngig ist. Der Dirminger Dialekt ist gepr\u00e4gt durch das &#8222;rr&#8220; sprechen. Hier sagt man z.B : &#8220; Werra&#8220; ( Wetter) oder &#8222;Orra&#8220; (Oder). Am Beispiel unserer Gemeinde Eppelborn kann man sehr gut die verschiedenen Dialektvarianten erkennen. Wenn man von Dirmingen in Richtung Bubach\/Calmesweiler wandert, stellt man fest, dass sich der Dialekt von Ortschaft zu Ortschaft ver\u00e4ndert. Die Menschen in Bubach\/Calmesweiler z.B sprechen schon vielmehr das moselfr\u00e4nkische. Fr\u00fcher war die Dialektgrenze deutlich sp\u00fcrbar. Die Alten konnten noch, am Dialekt, einen Eppelborner von einem Dirminger unterscheiden. Dies ist in der heutigen Zeit deutlich schwieriger. Dennoch gibt es auch heute noch deutliche Unterschiede.<\/p>\n\n\n\n<p class=\"has-medium-font-size wp-block-paragraph\"><strong>Auf meiner Seite m\u00f6chte ich den Menschen den &#8222;Derminga&#8220; Dialekt etwas n\u00e4herbringen. Dabei steckt der Teufel im Detail. Wie beschreibt man eine Mundart ? Geht das \u00fcberhaupt ? Die Antwort ist ganz einfach: Nat\u00fcrlich geht das nicht. Eine Mundart ist nicht zu vergleichen mit dem reinen hochdeutsch. Grammatik und Rechtschreibung stehen beim Schreiben eines Textes naturgem\u00e4\u00df hinten an.<\/strong> <strong>Wichtig ist, dass unsere Mundart erhalten bleibt. Wenn &#8222;ma se schw\u00e4tze gett se net verlor&#8220;<\/strong><\/p>\n\n\n\n<figure class=\"wp-block-embed is-type-video is-provider-youtube wp-block-embed-youtube wp-embed-aspect-16-9 wp-has-aspect-ratio\"><div class=\"wp-block-embed__wrapper\">\n<iframe loading=\"lazy\" title=\"Derminga Babbelschniss - Die Achte\" width=\"860\" height=\"484\" src=\"https:\/\/www.youtube.com\/embed\/VsoiCViTP0I?start=50&#038;feature=oembed\" frameborder=\"0\" allow=\"accelerometer; autoplay; clipboard-write; encrypted-media; gyroscope; picture-in-picture; web-share\" referrerpolicy=\"strict-origin-when-cross-origin\" allowfullscreen><\/iframe>\n<\/div><\/figure>\n\n\n\n<p class=\"wp-block-paragraph\"><span style=\"font-family: Verdana; font-size: small;\">&nbsp;<\/span><\/p>\n","protected":false},"excerpt":{"rendered":"<p>&#8222;&#8230;..und ist auch unsre Sprache mal etwas kompliziert, wir sprechen mit dem Herzen, was jeder gleich kapiert&#8220;. ( Liedzeile: &#8222;Mir l\u00e4we gerre an der Saar &#8211; Rastlos) Eines vorneweg : Es gibt keinen reinen saarl\u00e4ndischen Dialekt. Vielmehr gibt es ein breites Spektrum an Dialektvariet\u00e4ten. Im Saarland werden sowohl der rheinfr\u00e4nkische als auch der moselfr\u00e4nkische Dialekt gesprochen. Ausserdem nehmen die Menschen<\/p>\n","protected":false},"author":1,"featured_media":0,"parent":60,"menu_order":1,"comment_status":"closed","ping_status":"closed","template":"","meta":{"_crdt_document":"","footnotes":""},"class_list":["post-221","page","type-page","status-publish","hentry"],"_links":{"self":[{"href":"https:\/\/echta-derminga.de\/index.php?rest_route=\/wp\/v2\/pages\/221","targetHints":{"allow":["GET"]}}],"collection":[{"href":"https:\/\/echta-derminga.de\/index.php?rest_route=\/wp\/v2\/pages"}],"about":[{"href":"https:\/\/echta-derminga.de\/index.php?rest_route=\/wp\/v2\/types\/page"}],"author":[{"embeddable":true,"href":"https:\/\/echta-derminga.de\/index.php?rest_route=\/wp\/v2\/users\/1"}],"replies":[{"embeddable":true,"href":"https:\/\/echta-derminga.de\/index.php?rest_route=%2Fwp%2Fv2%2Fcomments&post=221"}],"version-history":[{"count":16,"href":"https:\/\/echta-derminga.de\/index.php?rest_route=\/wp\/v2\/pages\/221\/revisions"}],"predecessor-version":[{"id":19775,"href":"https:\/\/echta-derminga.de\/index.php?rest_route=\/wp\/v2\/pages\/221\/revisions\/19775"}],"up":[{"embeddable":true,"href":"https:\/\/echta-derminga.de\/index.php?rest_route=\/wp\/v2\/pages\/60"}],"wp:attachment":[{"href":"https:\/\/echta-derminga.de\/index.php?rest_route=%2Fwp%2Fv2%2Fmedia&parent=221"}],"curies":[{"name":"wp","href":"https:\/\/api.w.org\/{rel}","templated":true}]}}