{"id":33,"date":"2018-01-03T19:53:22","date_gmt":"2018-01-03T18:53:22","guid":{"rendered":"http:\/\/echta-derminga.de\/?page_id=33"},"modified":"2024-03-12T14:39:21","modified_gmt":"2024-03-12T13:39:21","slug":"mein-geheischnis","status":"publish","type":"page","link":"https:\/\/echta-derminga.de\/?page_id=33","title":{"rendered":"Mein Geheischnis"},"content":{"rendered":"<div class=\"wp-block-image\">\n<figure class=\"alignleft\"><img loading=\"lazy\" decoding=\"async\" width=\"300\" height=\"200\" src=\"https:\/\/echta-derminga.de\/wp-content\/uploads\/2018\/01\/Geheich-1-300x200.jpg\" alt=\"\" class=\"wp-image-93\" srcset=\"https:\/\/echta-derminga.de\/wp-content\/uploads\/2018\/01\/Geheich-1-300x200.jpg 300w, https:\/\/echta-derminga.de\/wp-content\/uploads\/2018\/01\/Geheich-1.jpg 600w\" sizes=\"auto, (max-width: 300px) 100vw, 300px\" \/><\/figure>\n<\/div>\n\n\n<p class=\"has-medium-font-size wp-block-paragraph\"><strong>Das W\u00f6rtchen &#8222;Geheischnis&#8220; kommt aus der saarl\u00e4ndischen Mundart. Ein &#8222;Geheischnis&#8220; ist ein Ort an dem man sich wohl und geborgen f\u00fchlt.&nbsp; Ein &#8222;Geheischnis&#8220; kann Familie, Berufung, Ehrenamt oder Heimat sein.<\/strong><\/p>\n\n\n\n<p class=\"has-medium-font-size wp-block-paragraph\">Mein &#8222;Geheischnis&#8220; ist nat\u00fcrlich in erster Linie meine Familie, meine Kinder und meine Heimatdorf Dirmingen. Im Laufe der Jahre habe ich mich mit gro\u00dfer Freude in vielen Vereinen und Organisationen ehrenamtlich engagiert. Somit wurde die Arbeit im Ehrenamt zu meinem &#8222;Geheischnis&#8220;.<\/p>\n\n\n\n<p class=\"has-medium-font-size wp-block-paragraph\"><strong>Mein &#8222;Geheischnis&#8220; ist Familie, das Dorf, der Kulturverein, der Fu\u00dfball, die Kirche,&nbsp; die &#8222;Faasend&#8220; und die Kommunalpolitik.<\/strong><\/p>\n\n\n\n<p class=\"has-medium-font-size wp-block-paragraph\">Seit dem 15. Mai 2020 bin ich Ortsvorsteher in meinem Heimatort. Dieses Ehrenamt ist ein echtes &#8222;Geheischnis&#8220; und f\u00fcllt mich komplett aus.<\/p>\n\n\n\n<p class=\"has-medium-font-size wp-block-paragraph\">Um so viele Ehren\u00e4mter zu begleiten muss man schon ein wenig verr\u00fcckt sein. Manche behaupten sogar das w\u00e4re nicht normal. Aber was ist schon normal ?<\/p>\n\n\n\n<p class=\"has-medium-font-size wp-block-paragraph\"><strong>Schlie\u00dflich bin ich ein evangelischer Fu\u00dfballer und nur die ECHTEN DERMINGA wissen was das bedeutet.<\/strong><\/p>\n\n\n\n<div class=\"wp-block-columns is-layout-flex wp-container-core-columns-is-layout-8f761849 wp-block-columns-is-layout-flex\">\n<div class=\"wp-block-column is-layout-flow wp-block-column-is-layout-flow\">\n<figure class=\"wp-block-image size-large\"><img loading=\"lazy\" decoding=\"async\" width=\"700\" height=\"700\" src=\"https:\/\/echta-derminga.de\/wp-content\/uploads\/2024\/03\/Screenshot_20231013_233500_Photos-700x700.jpg\" alt=\"\" class=\"wp-image-16883\" srcset=\"https:\/\/echta-derminga.de\/wp-content\/uploads\/2024\/03\/Screenshot_20231013_233500_Photos-700x700.jpg 700w, https:\/\/echta-derminga.de\/wp-content\/uploads\/2024\/03\/Screenshot_20231013_233500_Photos-300x300.jpg 300w, https:\/\/echta-derminga.de\/wp-content\/uploads\/2024\/03\/Screenshot_20231013_233500_Photos-150x150.jpg 150w, https:\/\/echta-derminga.de\/wp-content\/uploads\/2024\/03\/Screenshot_20231013_233500_Photos-768x768.jpg 768w, https:\/\/echta-derminga.de\/wp-content\/uploads\/2024\/03\/Screenshot_20231013_233500_Photos-90x90.jpg 90w, https:\/\/echta-derminga.de\/wp-content\/uploads\/2024\/03\/Screenshot_20231013_233500_Photos-75x75.jpg 75w, https:\/\/echta-derminga.de\/wp-content\/uploads\/2024\/03\/Screenshot_20231013_233500_Photos.jpg 1077w\" sizes=\"auto, (max-width: 700px) 100vw, 700px\" \/><\/figure>\n<\/div>\n\n\n\n<div class=\"wp-block-column is-layout-flow wp-block-column-is-layout-flow\">\n<figure class=\"wp-block-image size-large\"><img loading=\"lazy\" decoding=\"async\" width=\"700\" height=\"700\" src=\"https:\/\/echta-derminga.de\/wp-content\/uploads\/2024\/03\/IMG_20230831_234519_935-700x700.webp\" alt=\"\" class=\"wp-image-16882\" srcset=\"https:\/\/echta-derminga.de\/wp-content\/uploads\/2024\/03\/IMG_20230831_234519_935-700x700.webp 700w, https:\/\/echta-derminga.de\/wp-content\/uploads\/2024\/03\/IMG_20230831_234519_935-300x300.webp 300w, https:\/\/echta-derminga.de\/wp-content\/uploads\/2024\/03\/IMG_20230831_234519_935-150x150.webp 150w, https:\/\/echta-derminga.de\/wp-content\/uploads\/2024\/03\/IMG_20230831_234519_935-768x768.webp 768w, https:\/\/echta-derminga.de\/wp-content\/uploads\/2024\/03\/IMG_20230831_234519_935-90x90.webp 90w, https:\/\/echta-derminga.de\/wp-content\/uploads\/2024\/03\/IMG_20230831_234519_935-75x75.webp 75w, https:\/\/echta-derminga.de\/wp-content\/uploads\/2024\/03\/IMG_20230831_234519_935.webp 1440w\" sizes=\"auto, (max-width: 700px) 100vw, 700px\" \/><\/figure>\n<\/div>\n\n\n\n<div class=\"wp-block-column is-layout-flow wp-block-column-is-layout-flow\">\n<figure class=\"wp-block-image size-large\"><img loading=\"lazy\" decoding=\"async\" width=\"700\" height=\"688\" src=\"https:\/\/echta-derminga.de\/wp-content\/uploads\/2024\/03\/xfbhghztjt-700x688.jpg\" alt=\"\" class=\"wp-image-16897\" srcset=\"https:\/\/echta-derminga.de\/wp-content\/uploads\/2024\/03\/xfbhghztjt-700x688.jpg 700w, https:\/\/echta-derminga.de\/wp-content\/uploads\/2024\/03\/xfbhghztjt-300x295.jpg 300w, https:\/\/echta-derminga.de\/wp-content\/uploads\/2024\/03\/xfbhghztjt-768x755.jpg 768w, https:\/\/echta-derminga.de\/wp-content\/uploads\/2024\/03\/xfbhghztjt-1536x1509.jpg 1536w, https:\/\/echta-derminga.de\/wp-content\/uploads\/2024\/03\/xfbhghztjt-75x75.jpg 75w, https:\/\/echta-derminga.de\/wp-content\/uploads\/2024\/03\/xfbhghztjt.jpg 1563w\" sizes=\"auto, (max-width: 700px) 100vw, 700px\" \/><\/figure>\n<\/div>\n<\/div>\n\n\n\n<figure class=\"wp-block-gallery has-nested-images columns-default is-cropped wp-block-gallery-1 is-layout-flex wp-block-gallery-is-layout-flex\">\n<figure class=\"wp-block-image size-large\"><img loading=\"lazy\" decoding=\"async\" width=\"700\" height=\"525\" data-id=\"6650\" src=\"https:\/\/echta-derminga.de\/wp-content\/uploads\/2020\/06\/14-700x525.jpg\" alt=\"\" class=\"wp-image-6650\" srcset=\"https:\/\/echta-derminga.de\/wp-content\/uploads\/2020\/06\/14-700x525.jpg 700w, https:\/\/echta-derminga.de\/wp-content\/uploads\/2020\/06\/14-300x225.jpg 300w, https:\/\/echta-derminga.de\/wp-content\/uploads\/2020\/06\/14-768x576.jpg 768w, https:\/\/echta-derminga.de\/wp-content\/uploads\/2020\/06\/14.jpg 900w\" sizes=\"auto, (max-width: 700px) 100vw, 700px\" \/><\/figure>\n\n\n\n<figure class=\"wp-block-image size-large\"><img loading=\"lazy\" decoding=\"async\" width=\"644\" height=\"642\" data-id=\"5499\" src=\"https:\/\/echta-derminga.de\/wp-content\/uploads\/2020\/02\/1-2-644x642.jpg\" alt=\"\" class=\"wp-image-5499\" srcset=\"https:\/\/echta-derminga.de\/wp-content\/uploads\/2020\/02\/1-2-644x642.jpg 644w, https:\/\/echta-derminga.de\/wp-content\/uploads\/2020\/02\/1-2-300x300.jpg 300w, https:\/\/echta-derminga.de\/wp-content\/uploads\/2020\/02\/1-2-150x150.jpg 150w, https:\/\/echta-derminga.de\/wp-content\/uploads\/2020\/02\/1-2-768x765.jpg 768w, https:\/\/echta-derminga.de\/wp-content\/uploads\/2020\/02\/1-2.jpg 800w\" sizes=\"auto, (max-width: 644px) 100vw, 644px\" \/><\/figure>\n\n\n\n<figure class=\"wp-block-image size-large\"><img loading=\"lazy\" decoding=\"async\" width=\"644\" height=\"487\" data-id=\"5096\" src=\"https:\/\/echta-derminga.de\/wp-content\/uploads\/2019\/12\/Blog-1-644x487.jpg\" alt=\"\" class=\"wp-image-5096\" srcset=\"https:\/\/echta-derminga.de\/wp-content\/uploads\/2019\/12\/Blog-1-644x487.jpg 644w, https:\/\/echta-derminga.de\/wp-content\/uploads\/2019\/12\/Blog-1-300x227.jpg 300w, https:\/\/echta-derminga.de\/wp-content\/uploads\/2019\/12\/Blog-1-768x581.jpg 768w, https:\/\/echta-derminga.de\/wp-content\/uploads\/2019\/12\/Blog-1.jpg 780w\" sizes=\"auto, (max-width: 644px) 100vw, 644px\" \/><\/figure>\n\n\n\n<figure class=\"wp-block-image size-large\"><img loading=\"lazy\" decoding=\"async\" width=\"644\" height=\"429\" data-id=\"4730\" src=\"https:\/\/echta-derminga.de\/wp-content\/uploads\/2019\/10\/75262104_1318119008366049_7194815092683177984_n-Kopie-644x429.jpg\" alt=\"\" class=\"wp-image-4730\" srcset=\"https:\/\/echta-derminga.de\/wp-content\/uploads\/2019\/10\/75262104_1318119008366049_7194815092683177984_n-Kopie-644x429.jpg 644w, https:\/\/echta-derminga.de\/wp-content\/uploads\/2019\/10\/75262104_1318119008366049_7194815092683177984_n-Kopie-300x200.jpg 300w, https:\/\/echta-derminga.de\/wp-content\/uploads\/2019\/10\/75262104_1318119008366049_7194815092683177984_n-Kopie-768x512.jpg 768w, https:\/\/echta-derminga.de\/wp-content\/uploads\/2019\/10\/75262104_1318119008366049_7194815092683177984_n-Kopie.jpg 800w\" sizes=\"auto, (max-width: 644px) 100vw, 644px\" \/><\/figure>\n\n\n\n<figure class=\"wp-block-image size-large\"><img loading=\"lazy\" decoding=\"async\" width=\"644\" height=\"493\" data-id=\"4642\" src=\"https:\/\/echta-derminga.de\/wp-content\/uploads\/2019\/10\/1-3-644x493.jpg\" alt=\"\" class=\"wp-image-4642\" srcset=\"https:\/\/echta-derminga.de\/wp-content\/uploads\/2019\/10\/1-3-644x493.jpg 644w, https:\/\/echta-derminga.de\/wp-content\/uploads\/2019\/10\/1-3-300x230.jpg 300w, https:\/\/echta-derminga.de\/wp-content\/uploads\/2019\/10\/1-3-768x588.jpg 768w, https:\/\/echta-derminga.de\/wp-content\/uploads\/2019\/10\/1-3.jpg 1481w\" sizes=\"auto, (max-width: 644px) 100vw, 644px\" \/><\/figure>\n\n\n\n<figure class=\"wp-block-image size-large\"><img loading=\"lazy\" decoding=\"async\" width=\"644\" height=\"313\" data-id=\"4374\" src=\"https:\/\/echta-derminga.de\/wp-content\/uploads\/2019\/08\/echte-55-644x313.jpg\" alt=\"\" class=\"wp-image-4374\" srcset=\"https:\/\/echta-derminga.de\/wp-content\/uploads\/2019\/08\/echte-55-644x313.jpg 644w, https:\/\/echta-derminga.de\/wp-content\/uploads\/2019\/08\/echte-55-300x146.jpg 300w, https:\/\/echta-derminga.de\/wp-content\/uploads\/2019\/08\/echte-55-768x373.jpg 768w, https:\/\/echta-derminga.de\/wp-content\/uploads\/2019\/08\/echte-55.jpg 1599w\" sizes=\"auto, (max-width: 644px) 100vw, 644px\" \/><\/figure>\n\n\n\n<figure class=\"wp-block-image size-large\"><img loading=\"lazy\" decoding=\"async\" width=\"644\" height=\"348\" data-id=\"4303\" src=\"https:\/\/echta-derminga.de\/wp-content\/uploads\/2019\/08\/ah-1-644x348.jpg\" alt=\"\" class=\"wp-image-4303\" srcset=\"https:\/\/echta-derminga.de\/wp-content\/uploads\/2019\/08\/ah-1-644x348.jpg 644w, https:\/\/echta-derminga.de\/wp-content\/uploads\/2019\/08\/ah-1-300x162.jpg 300w, https:\/\/echta-derminga.de\/wp-content\/uploads\/2019\/08\/ah-1-768x415.jpg 768w, https:\/\/echta-derminga.de\/wp-content\/uploads\/2019\/08\/ah-1.jpg 800w\" sizes=\"auto, (max-width: 644px) 100vw, 644px\" \/><\/figure>\n\n\n\n<figure class=\"wp-block-image size-large\"><img loading=\"lazy\" decoding=\"async\" width=\"644\" height=\"429\" data-id=\"4083\" src=\"https:\/\/echta-derminga.de\/wp-content\/uploads\/2019\/07\/Echt-1-644x429.jpg\" alt=\"\" class=\"wp-image-4083\" srcset=\"https:\/\/echta-derminga.de\/wp-content\/uploads\/2019\/07\/Echt-1-644x429.jpg 644w, https:\/\/echta-derminga.de\/wp-content\/uploads\/2019\/07\/Echt-1-300x200.jpg 300w, https:\/\/echta-derminga.de\/wp-content\/uploads\/2019\/07\/Echt-1-768x512.jpg 768w, https:\/\/echta-derminga.de\/wp-content\/uploads\/2019\/07\/Echt-1.jpg 800w\" sizes=\"auto, (max-width: 644px) 100vw, 644px\" \/><\/figure>\n\n\n\n<figure class=\"wp-block-image size-large\"><img loading=\"lazy\" decoding=\"async\" width=\"700\" height=\"467\" data-id=\"6806\" src=\"https:\/\/echta-derminga.de\/wp-content\/uploads\/2020\/07\/2020-Ortsvorsteherwahl-15052020-002-1024x683-1-700x467.jpg\" alt=\"\" class=\"wp-image-6806\" srcset=\"https:\/\/echta-derminga.de\/wp-content\/uploads\/2020\/07\/2020-Ortsvorsteherwahl-15052020-002-1024x683-1-700x467.jpg 700w, https:\/\/echta-derminga.de\/wp-content\/uploads\/2020\/07\/2020-Ortsvorsteherwahl-15052020-002-1024x683-1-300x200.jpg 300w, https:\/\/echta-derminga.de\/wp-content\/uploads\/2020\/07\/2020-Ortsvorsteherwahl-15052020-002-1024x683-1-768x512.jpg 768w, https:\/\/echta-derminga.de\/wp-content\/uploads\/2020\/07\/2020-Ortsvorsteherwahl-15052020-002-1024x683-1-120x80.jpg 120w, https:\/\/echta-derminga.de\/wp-content\/uploads\/2020\/07\/2020-Ortsvorsteherwahl-15052020-002-1024x683-1.jpg 1024w\" sizes=\"auto, (max-width: 700px) 100vw, 700px\" \/><\/figure>\n<\/figure>\n","protected":false},"excerpt":{"rendered":"<p>Das W\u00f6rtchen &#8222;Geheischnis&#8220; kommt aus der saarl\u00e4ndischen Mundart. Ein &#8222;Geheischnis&#8220; ist ein Ort an dem man sich wohl und geborgen f\u00fchlt.&nbsp; Ein &#8222;Geheischnis&#8220; kann Familie, Berufung, Ehrenamt oder Heimat sein. Mein &#8222;Geheischnis&#8220; ist nat\u00fcrlich in erster Linie meine Familie, meine Kinder und meine Heimatdorf Dirmingen. Im Laufe der Jahre habe ich mich mit gro\u00dfer Freude in vielen Vereinen und Organisationen<\/p>\n","protected":false},"author":1,"featured_media":0,"parent":0,"menu_order":4,"comment_status":"closed","ping_status":"closed","template":"","meta":{"_crdt_document":"","footnotes":""},"class_list":["post-33","page","type-page","status-publish","hentry"],"_links":{"self":[{"href":"https:\/\/echta-derminga.de\/index.php?rest_route=\/wp\/v2\/pages\/33","targetHints":{"allow":["GET"]}}],"collection":[{"href":"https:\/\/echta-derminga.de\/index.php?rest_route=\/wp\/v2\/pages"}],"about":[{"href":"https:\/\/echta-derminga.de\/index.php?rest_route=\/wp\/v2\/types\/page"}],"author":[{"embeddable":true,"href":"https:\/\/echta-derminga.de\/index.php?rest_route=\/wp\/v2\/users\/1"}],"replies":[{"embeddable":true,"href":"https:\/\/echta-derminga.de\/index.php?rest_route=%2Fwp%2Fv2%2Fcomments&post=33"}],"version-history":[{"count":20,"href":"https:\/\/echta-derminga.de\/index.php?rest_route=\/wp\/v2\/pages\/33\/revisions"}],"predecessor-version":[{"id":16898,"href":"https:\/\/echta-derminga.de\/index.php?rest_route=\/wp\/v2\/pages\/33\/revisions\/16898"}],"wp:attachment":[{"href":"https:\/\/echta-derminga.de\/index.php?rest_route=%2Fwp%2Fv2%2Fmedia&parent=33"}],"curies":[{"name":"wp","href":"https:\/\/api.w.org\/{rel}","templated":true}]}}